{"id":1098,"date":"2016-08-04T14:44:59","date_gmt":"2016-08-04T14:44:59","guid":{"rendered":"http:\/\/ignasisayol.com\/nw\/en\/?page_id=1098"},"modified":"2018-09-17T08:38:57","modified_gmt":"2018-09-17T08:38:57","slug":"who-i-am","status":"publish","type":"page","link":"https:\/\/ignasisayol.com\/en\/who-i-am\/","title":{"rendered":"Who I am"},"content":{"rendered":"<p><img fetchpriority=\"high\" class=\"aligncenter size-full wp-image-1782\" src=\"https:\/\/ignasisayol.com\/wp-content\/uploads\/2014\/01\/HOME-1.jpg\" alt=\"\" width=\"960\" height=\"400\" srcset=\"https:\/\/ignasisayol.com\/wp-content\/uploads\/2014\/01\/HOME-1.jpg 960w, https:\/\/ignasisayol.com\/wp-content\/uploads\/2014\/01\/HOME-1-300x125.jpg 300w, https:\/\/ignasisayol.com\/wp-content\/uploads\/2014\/01\/HOME-1-768x320.jpg 768w, https:\/\/ignasisayol.com\/wp-content\/uploads\/2014\/01\/HOME-1-705x294.jpg 705w, https:\/\/ignasisayol.com\/wp-content\/uploads\/2014\/01\/HOME-1-450x188.jpg 450w\" sizes=\"(max-width: 960px) 100vw, 960px\" \/><\/p>\n<div>\n<p>I am an engineer, entrepreneur, Chairman of PIMEC Logistics,\u00a0<a href=\"http:\/\/clusterlogistic.org\/en\/\">Chairman of Catalonia Logistics Cluster<\/a> and CEO in <a href=\"https:\/\/www.inprous.com\/en\/\" target=\"_blank\" rel=\"noopener\">INPROUS<\/a><\/p>\n<p>I have a Degree in Electronic Engineering by the BES (Business Engineering School \u2013 La Salle) and Telecommunications by the UPC (Polytechnic University of Catalonia), with several postgraduate courses in management, an International MBA by La Salle University, a PDD by Instituto de Empresa and a PDG by IESE.<\/p>\n<p>I have extensive experience in management tasks, handling large work forces and a wide range of profiles. I have held management positions in multinational companies such as SITA (Soci\u00e9t\u00e9 Int T\u00e9l\u00e9com. Aeron\u00e0utiques), Bull and British Telecom, managing the areas of operations and business development. I have been in CTC Externalizaci\u00f3n for 11 years, where I was a shareholder and general manager of operations. In addition, I have had the opportunity to participate as a business angel and advisor in the launch of several business projects in different sectors.<\/p>\n<p>I am currently one of the owners and CEO of Inprous, a company engaged in the implementation of temperature-controlled logistics solutions, primarily for the pharmaceutical and biotechnology sector.<\/p>\n<p>I regularly collaborate with business schools teaching at BES La Salle, UPC, ICIL, EAE, and I have written a series of articles on issues related to the management of operations and entrepreneurship.<\/p>\n<p>Along my professional career and studies, I have led a complementary activity in the political and social field. Thanks to my professional background, I have learned several languages and know many countries. This has allowed me to strengthen my commitment to Catalonia, its language and its culture, to which I devote part of my time.<\/p>\n<h3><\/h3>\n<h3><b>ACADEMIC ACHIEVEMENTS<\/b><\/h3>\n<\/div>\n<ul>\n<li>IESE, Barcelona<\/li>\n<li>Advanced Programme in General Management\u00a0 (2009)<\/li>\n<li>Instituto de Empresa, Madrid<\/li>\n<li>Superior Business Administration Program\u00a0 (2001-2003)<\/li>\n<li>La Salle &amp; Manhattan College, Barcelona \/ New York (USA)<\/li>\n<li>International Master in Management and Business Administration\u00a0 (1998-2000)<\/li>\n<li>Engineering\u00a0 La Salle, University Ram\u00f3n Llull, Barcelona<\/li>\n<li>Superior Electronics Engineering\u00a0 (1993-1995)<\/li>\n<li>Promotion 93-94<\/li>\n<li>Project: \u201cEvaluation of capabilities required for network broadband services\u201d<\/li>\n<li>E.U.E.T.T La Salle, Universidad Polit\u00e9cnica de Catalu\u00f1a, Barcelona<\/li>\n<li>Telecommunications Engineering (1983-1986)<\/li>\n<li>Promotion 85-86<\/li>\n<li>Project: \u201cRestoration of voice-based digital Wiener filter\u201d<\/li>\n<\/ul>\n<p>&nbsp;<\/p>\n","protected":false},"excerpt":{"rendered":"<p>I am an engineer, entrepreneur, Chairman of PIMEC Logistics,\u00a0Chairman of Catalonia Logistics Cluster and&hellip;<\/p>\n","protected":false},"author":1,"featured_media":0,"parent":0,"menu_order":0,"comment_status":"closed","ping_status":"closed","template":"","meta":[],"yoast_head":"<!-- This site is optimized with the Yoast SEO plugin v20.2.1 - https:\/\/yoast.com\/wordpress\/plugins\/seo\/ -->\n<title>Who I am - Ignasi Sayol<\/title>\n<meta name=\"robots\" content=\"index, follow, max-snippet:-1, max-image-preview:large, max-video-preview:-1\" \/>\n<link rel=\"canonical\" href=\"https:\/\/ignasisayol.com\/en\/who-i-am\/\" \/>\n<meta property=\"og:locale\" content=\"en_US\" \/>\n<meta property=\"og:type\" content=\"article\" \/>\n<meta property=\"og:title\" content=\"Who I am - Ignasi Sayol\" \/>\n<meta property=\"og:description\" content=\"I am an engineer, entrepreneur, Chairman of PIMEC Logistics,\u00a0Chairman of Catalonia Logistics Cluster and&hellip;\" \/>\n<meta property=\"og:url\" content=\"https:\/\/ignasisayol.com\/en\/who-i-am\/\" \/>\n<meta property=\"og:site_name\" content=\"Ignasi Sayol\" \/>\n<meta property=\"article:modified_time\" content=\"2018-09-17T08:38:57+00:00\" \/>\n<meta property=\"og:image\" content=\"https:\/\/ignasisayol.com\/wp-content\/uploads\/2014\/01\/HOME-1.jpg\" \/>\n<meta name=\"twitter:card\" content=\"summary_large_image\" \/>\n<meta name=\"twitter:label1\" content=\"Est. reading time\" \/>\n\t<meta name=\"twitter:data1\" content=\"2 minutes\" \/>\n<script type=\"application\/ld+json\" class=\"yoast-schema-graph\">{\"@context\":\"https:\/\/schema.org\",\"@graph\":[{\"@type\":\"WebPage\",\"@id\":\"https:\/\/ignasisayol.com\/en\/who-i-am\/\",\"url\":\"https:\/\/ignasisayol.com\/en\/who-i-am\/\",\"name\":\"Who I am - Ignasi Sayol\",\"isPartOf\":{\"@id\":\"https:\/\/ignasisayol.com\/#website\"},\"datePublished\":\"2016-08-04T14:44:59+00:00\",\"dateModified\":\"2018-09-17T08:38:57+00:00\",\"breadcrumb\":{\"@id\":\"https:\/\/ignasisayol.com\/en\/who-i-am\/#breadcrumb\"},\"inLanguage\":\"en-US\",\"potentialAction\":[{\"@type\":\"ReadAction\",\"target\":[\"https:\/\/ignasisayol.com\/en\/who-i-am\/\"]}]},{\"@type\":\"BreadcrumbList\",\"@id\":\"https:\/\/ignasisayol.com\/en\/who-i-am\/#breadcrumb\",\"itemListElement\":[{\"@type\":\"ListItem\",\"position\":1,\"name\":\"Inici\",\"item\":\"https:\/\/ignasisayol.com\/\"},{\"@type\":\"ListItem\",\"position\":2,\"name\":\"Who I am\"}]},{\"@type\":\"WebSite\",\"@id\":\"https:\/\/ignasisayol.com\/#website\",\"url\":\"https:\/\/ignasisayol.com\/\",\"name\":\"Ignasi Sayol\",\"description\":\"\",\"alternateName\":\"Ignasi Sayol\",\"potentialAction\":[{\"@type\":\"SearchAction\",\"target\":{\"@type\":\"EntryPoint\",\"urlTemplate\":\"https:\/\/ignasisayol.com\/?s={search_term_string}\"},\"query-input\":\"required name=search_term_string\"}],\"inLanguage\":\"en-US\"}]}<\/script>\n<!-- \/ Yoast SEO plugin. -->","yoast_head_json":{"title":"Who I am - Ignasi Sayol","robots":{"index":"index","follow":"follow","max-snippet":"max-snippet:-1","max-image-preview":"max-image-preview:large","max-video-preview":"max-video-preview:-1"},"canonical":"https:\/\/ignasisayol.com\/en\/who-i-am\/","og_locale":"en_US","og_type":"article","og_title":"Who I am - Ignasi Sayol","og_description":"I am an engineer, entrepreneur, Chairman of PIMEC Logistics,\u00a0Chairman of Catalonia Logistics Cluster and&hellip;","og_url":"https:\/\/ignasisayol.com\/en\/who-i-am\/","og_site_name":"Ignasi Sayol","article_modified_time":"2018-09-17T08:38:57+00:00","og_image":[{"url":"https:\/\/ignasisayol.com\/wp-content\/uploads\/2014\/01\/HOME-1.jpg"}],"twitter_card":"summary_large_image","twitter_misc":{"Est. reading time":"2 minutes"},"schema":{"@context":"https:\/\/schema.org","@graph":[{"@type":"WebPage","@id":"https:\/\/ignasisayol.com\/en\/who-i-am\/","url":"https:\/\/ignasisayol.com\/en\/who-i-am\/","name":"Who I am - Ignasi Sayol","isPartOf":{"@id":"https:\/\/ignasisayol.com\/#website"},"datePublished":"2016-08-04T14:44:59+00:00","dateModified":"2018-09-17T08:38:57+00:00","breadcrumb":{"@id":"https:\/\/ignasisayol.com\/en\/who-i-am\/#breadcrumb"},"inLanguage":"en-US","potentialAction":[{"@type":"ReadAction","target":["https:\/\/ignasisayol.com\/en\/who-i-am\/"]}]},{"@type":"BreadcrumbList","@id":"https:\/\/ignasisayol.com\/en\/who-i-am\/#breadcrumb","itemListElement":[{"@type":"ListItem","position":1,"name":"Inici","item":"https:\/\/ignasisayol.com\/"},{"@type":"ListItem","position":2,"name":"Who I am"}]},{"@type":"WebSite","@id":"https:\/\/ignasisayol.com\/#website","url":"https:\/\/ignasisayol.com\/","name":"Ignasi Sayol","description":"","alternateName":"Ignasi Sayol","potentialAction":[{"@type":"SearchAction","target":{"@type":"EntryPoint","urlTemplate":"https:\/\/ignasisayol.com\/?s={search_term_string}"},"query-input":"required name=search_term_string"}],"inLanguage":"en-US"}]}},"_links":{"self":[{"href":"https:\/\/ignasisayol.com\/en\/wp-json\/wp\/v2\/pages\/1098"}],"collection":[{"href":"https:\/\/ignasisayol.com\/en\/wp-json\/wp\/v2\/pages"}],"about":[{"href":"https:\/\/ignasisayol.com\/en\/wp-json\/wp\/v2\/types\/page"}],"author":[{"embeddable":true,"href":"https:\/\/ignasisayol.com\/en\/wp-json\/wp\/v2\/users\/1"}],"replies":[{"embeddable":true,"href":"https:\/\/ignasisayol.com\/en\/wp-json\/wp\/v2\/comments?post=1098"}],"version-history":[{"count":17,"href":"https:\/\/ignasisayol.com\/en\/wp-json\/wp\/v2\/pages\/1098\/revisions"}],"predecessor-version":[{"id":3066,"href":"https:\/\/ignasisayol.com\/en\/wp-json\/wp\/v2\/pages\/1098\/revisions\/3066"}],"wp:attachment":[{"href":"https:\/\/ignasisayol.com\/en\/wp-json\/wp\/v2\/media?parent=1098"}],"curies":[{"name":"wp","href":"https:\/\/api.w.org\/{rel}","templated":true}]}}