{"id":1100,"date":"2016-08-04T14:46:08","date_gmt":"2016-08-04T14:46:08","guid":{"rendered":"http:\/\/ignasisayol.com\/nw\/es\/?page_id=1100"},"modified":"2018-09-17T08:38:57","modified_gmt":"2018-09-17T08:38:57","slug":"quien-soy","status":"publish","type":"page","link":"https:\/\/ignasisayol.com\/es\/quien-soy\/","title":{"rendered":"Quien soy"},"content":{"rendered":"<p><img fetchpriority=\"high\" class=\"aligncenter size-full wp-image-1783\" src=\"https:\/\/ignasisayol.com\/wp-content\/uploads\/2014\/01\/HOME-1.jpg\" alt=\"\" width=\"960\" height=\"400\" srcset=\"https:\/\/ignasisayol.com\/wp-content\/uploads\/2014\/01\/HOME-1.jpg 960w, https:\/\/ignasisayol.com\/wp-content\/uploads\/2014\/01\/HOME-1-300x125.jpg 300w, https:\/\/ignasisayol.com\/wp-content\/uploads\/2014\/01\/HOME-1-768x320.jpg 768w, https:\/\/ignasisayol.com\/wp-content\/uploads\/2014\/01\/HOME-1-705x294.jpg 705w, https:\/\/ignasisayol.com\/wp-content\/uploads\/2014\/01\/HOME-1-450x188.jpg 450w\" sizes=\"(max-width: 960px) 100vw, 960px\" \/>Soy ingeniero, empresario,\u00a0 Presidente de PIMEC Log\u00edstica,\u00a0<a href=\"http:\/\/clusterlogistic.org\/es\/\">Presidente del Cluster Log\u00edstico de Catalunya<\/a> \u00a0y CEO de <a href=\"http:\/\/www.inprous.com\/\" target=\"_blank\" rel=\"noopener\">Inprous<\/a>.<\/p>\n<p>Me form\u00e9 como Ingeniero Electr\u00f3nico por la BES (Business Engineering School \u2013 La Salle) y de Telecomunicaciones por la UPC (Universidad Polit\u00e9cnica de Catalu\u00f1a), con varios postgrados en management, un International MBA por la Salle University, un PDD por el Instituto de Empresa y un PDG por el IESE.<\/p>\n<p>Tengo una amplia experiencia en tareas directivas gestionando plantillas de gran volumen y con una amplia diversidad de perfiles. He ocupado puestos directivos en diferentes multinacionales como SITA (Soci\u00e9t\u00e9 Int Telecom. Aeron\u00e1uticas), Bull y British Telecom, gestionando las \u00e1reas de operaciones y desarrollo de negocio. He estado 11 a\u00f1os en CTC Externalizaci\u00f3n, donde era accionista y director general de operaciones. Adem\u00e1s, he tenido la ocasi\u00f3n de participar como business angel y advisor en el lanzamiento de varios proyectos empresariales de diversos sectores.<\/p>\n<p>Actualmente soy uno de los propietarios y CEO de Inprous, una empresa en la que nos dedicamos a implementar soluciones log\u00edsticas de temperatura controlada, fundamentalmente para el sector farmac\u00e9utico y de la biotecnolog\u00eda.<\/p>\n<p>Colaboro habitualmente en diferentes escuelas de negocios realizando tareas docentes (BES-La Salle, UPC, ICIL, EAE), he escrito varios art\u00edculos sobre la problem\u00e1tica de la gesti\u00f3n de las operaciones y la emprendedur\u00eda.<\/p>\n<p>Paralelamente a mi carrera profesional y acad\u00e9mica, he mantenido una actividad complementaria en el mundo pol\u00edtico y social. Gracias a mi actividad profesional he podido aprender varias lenguas y conocer gran n\u00famero de pa\u00edses, este hecho me ha permitido reforzar mi compromiso con Catalu\u00f1a, con su lengua y con su cultura. A ello dedico una parte de mi tiempo.<\/p>\n<h3><strong>FORMACI\u00d3N<\/strong><\/h3>\n<ul>\n<li>IESE, Barcelona<\/li>\n<li>Programa Superior en Direcci\u00f3n General (PDG) (2009)<\/li>\n<li>Instituto de Empresa, Madrid<\/li>\n<li>Programa Superior de Direcci\u00f3n de Empresas (PDD) (2001-2003)<\/li>\n<li>La Salle y Manhattan College, Barcelona \/ Nueva York (USA)<\/li>\n<li>M\u00e1ster Internacional en Direcci\u00f3n y Administraci\u00f3n de Empresas (MBA) (1998-2000)<\/li>\n<li>Ingenier\u00eda La Salle, Universidad Ram\u00f3n Llull, Barcelona<\/li>\n<li>Ingenier\u00eda Superior Electr\u00f3nica (1993-1995)<br \/>\nPromoci\u00f3n 93-94<\/li>\n<li>Proyecto \u201cEvaluaci\u00f3n de capacidades de redes requeridas para servicios de Banda Ancha\u201d<\/li>\n<li>E.U.E.T.T La Salle, Universidad Polit\u00e9cnica de Catalu\u00f1a, Barcelona<\/li>\n<li>Ingenier\u00eda T\u00e9cnica de Telecomunicaciones (1983-1986)<\/li>\n<li>Promoci\u00f3n 85-86<\/li>\n<li>Proyecto \u201cRestauraci\u00f3n de la voz basado en el filtro digital de Wiener\u201d<\/li>\n<\/ul>\n","protected":false},"excerpt":{"rendered":"<p>Soy ingeniero, empresario,\u00a0 Presidente de PIMEC Log\u00edstica,\u00a0Presidente del Cluster Log\u00edstico de Catalunya \u00a0y CEO&hellip;<\/p>\n","protected":false},"author":1,"featured_media":0,"parent":0,"menu_order":0,"comment_status":"closed","ping_status":"closed","template":"","meta":[],"yoast_head":"<!-- This site is optimized with the Yoast SEO plugin v20.2.1 - https:\/\/yoast.com\/wordpress\/plugins\/seo\/ -->\n<title>Quien soy - Ignasi Sayol<\/title>\n<meta name=\"robots\" content=\"index, follow, max-snippet:-1, max-image-preview:large, max-video-preview:-1\" \/>\n<link rel=\"canonical\" href=\"https:\/\/ignasisayol.com\/es\/quien-soy\/\" \/>\n<meta property=\"og:locale\" content=\"es_ES\" \/>\n<meta property=\"og:type\" content=\"article\" \/>\n<meta property=\"og:title\" content=\"Quien soy - Ignasi Sayol\" \/>\n<meta property=\"og:description\" content=\"Soy ingeniero, empresario,\u00a0 Presidente de PIMEC Log\u00edstica,\u00a0Presidente del Cluster Log\u00edstico de Catalunya \u00a0y CEO&hellip;\" \/>\n<meta property=\"og:url\" content=\"https:\/\/ignasisayol.com\/es\/quien-soy\/\" \/>\n<meta property=\"og:site_name\" content=\"Ignasi Sayol\" \/>\n<meta property=\"article:modified_time\" content=\"2018-09-17T08:38:57+00:00\" \/>\n<meta property=\"og:image\" content=\"https:\/\/ignasisayol.com\/wp-content\/uploads\/2014\/01\/HOME-1.jpg\" \/>\n<meta name=\"twitter:card\" content=\"summary_large_image\" \/>\n<meta name=\"twitter:label1\" content=\"Tiempo de lectura\" \/>\n\t<meta name=\"twitter:data1\" content=\"2 minutos\" \/>\n<script type=\"application\/ld+json\" class=\"yoast-schema-graph\">{\"@context\":\"https:\/\/schema.org\",\"@graph\":[{\"@type\":\"WebPage\",\"@id\":\"https:\/\/ignasisayol.com\/es\/quien-soy\/\",\"url\":\"https:\/\/ignasisayol.com\/es\/quien-soy\/\",\"name\":\"Quien soy - Ignasi Sayol\",\"isPartOf\":{\"@id\":\"https:\/\/ignasisayol.com\/#website\"},\"datePublished\":\"2016-08-04T14:46:08+00:00\",\"dateModified\":\"2018-09-17T08:38:57+00:00\",\"breadcrumb\":{\"@id\":\"https:\/\/ignasisayol.com\/es\/quien-soy\/#breadcrumb\"},\"inLanguage\":\"es\",\"potentialAction\":[{\"@type\":\"ReadAction\",\"target\":[\"https:\/\/ignasisayol.com\/es\/quien-soy\/\"]}]},{\"@type\":\"BreadcrumbList\",\"@id\":\"https:\/\/ignasisayol.com\/es\/quien-soy\/#breadcrumb\",\"itemListElement\":[{\"@type\":\"ListItem\",\"position\":1,\"name\":\"Inici\",\"item\":\"https:\/\/ignasisayol.com\/\"},{\"@type\":\"ListItem\",\"position\":2,\"name\":\"Quien soy\"}]},{\"@type\":\"WebSite\",\"@id\":\"https:\/\/ignasisayol.com\/#website\",\"url\":\"https:\/\/ignasisayol.com\/\",\"name\":\"Ignasi Sayol\",\"description\":\"\",\"alternateName\":\"Ignasi Sayol\",\"potentialAction\":[{\"@type\":\"SearchAction\",\"target\":{\"@type\":\"EntryPoint\",\"urlTemplate\":\"https:\/\/ignasisayol.com\/?s={search_term_string}\"},\"query-input\":\"required name=search_term_string\"}],\"inLanguage\":\"es\"}]}<\/script>\n<!-- \/ Yoast SEO plugin. -->","yoast_head_json":{"title":"Quien soy - Ignasi Sayol","robots":{"index":"index","follow":"follow","max-snippet":"max-snippet:-1","max-image-preview":"max-image-preview:large","max-video-preview":"max-video-preview:-1"},"canonical":"https:\/\/ignasisayol.com\/es\/quien-soy\/","og_locale":"es_ES","og_type":"article","og_title":"Quien soy - Ignasi Sayol","og_description":"Soy ingeniero, empresario,\u00a0 Presidente de PIMEC Log\u00edstica,\u00a0Presidente del Cluster Log\u00edstico de Catalunya \u00a0y CEO&hellip;","og_url":"https:\/\/ignasisayol.com\/es\/quien-soy\/","og_site_name":"Ignasi Sayol","article_modified_time":"2018-09-17T08:38:57+00:00","og_image":[{"url":"https:\/\/ignasisayol.com\/wp-content\/uploads\/2014\/01\/HOME-1.jpg"}],"twitter_card":"summary_large_image","twitter_misc":{"Tiempo de lectura":"2 minutos"},"schema":{"@context":"https:\/\/schema.org","@graph":[{"@type":"WebPage","@id":"https:\/\/ignasisayol.com\/es\/quien-soy\/","url":"https:\/\/ignasisayol.com\/es\/quien-soy\/","name":"Quien soy - Ignasi Sayol","isPartOf":{"@id":"https:\/\/ignasisayol.com\/#website"},"datePublished":"2016-08-04T14:46:08+00:00","dateModified":"2018-09-17T08:38:57+00:00","breadcrumb":{"@id":"https:\/\/ignasisayol.com\/es\/quien-soy\/#breadcrumb"},"inLanguage":"es","potentialAction":[{"@type":"ReadAction","target":["https:\/\/ignasisayol.com\/es\/quien-soy\/"]}]},{"@type":"BreadcrumbList","@id":"https:\/\/ignasisayol.com\/es\/quien-soy\/#breadcrumb","itemListElement":[{"@type":"ListItem","position":1,"name":"Inici","item":"https:\/\/ignasisayol.com\/"},{"@type":"ListItem","position":2,"name":"Quien soy"}]},{"@type":"WebSite","@id":"https:\/\/ignasisayol.com\/#website","url":"https:\/\/ignasisayol.com\/","name":"Ignasi Sayol","description":"","alternateName":"Ignasi Sayol","potentialAction":[{"@type":"SearchAction","target":{"@type":"EntryPoint","urlTemplate":"https:\/\/ignasisayol.com\/?s={search_term_string}"},"query-input":"required name=search_term_string"}],"inLanguage":"es"}]}},"_links":{"self":[{"href":"https:\/\/ignasisayol.com\/es\/wp-json\/wp\/v2\/pages\/1100"}],"collection":[{"href":"https:\/\/ignasisayol.com\/es\/wp-json\/wp\/v2\/pages"}],"about":[{"href":"https:\/\/ignasisayol.com\/es\/wp-json\/wp\/v2\/types\/page"}],"author":[{"embeddable":true,"href":"https:\/\/ignasisayol.com\/es\/wp-json\/wp\/v2\/users\/1"}],"replies":[{"embeddable":true,"href":"https:\/\/ignasisayol.com\/es\/wp-json\/wp\/v2\/comments?post=1100"}],"version-history":[{"count":13,"href":"https:\/\/ignasisayol.com\/es\/wp-json\/wp\/v2\/pages\/1100\/revisions"}],"predecessor-version":[{"id":3067,"href":"https:\/\/ignasisayol.com\/es\/wp-json\/wp\/v2\/pages\/1100\/revisions\/3067"}],"wp:attachment":[{"href":"https:\/\/ignasisayol.com\/es\/wp-json\/wp\/v2\/media?parent=1100"}],"curies":[{"name":"wp","href":"https:\/\/api.w.org\/{rel}","templated":true}]}}